{"id":546,"date":"2023-10-02T13:37:58","date_gmt":"2023-10-02T11:37:58","guid":{"rendered":"https:\/\/linkbig.es\/que-es-linkbig\/nuestro-manifiesto-soul-working\/"},"modified":"2025-02-04T13:19:35","modified_gmt":"2025-02-04T12:19:35","slug":"nuestro-manifiesto-soul-working","status":"publish","type":"page","link":"https:\/\/linkbig.es\/ca\/que-es-linkbig\/nuestro-manifiesto-soul-working\/","title":{"rendered":"El nostre M\u00e8tode Soul Working\u00ae"},"content":{"rendered":"\n<header class=\"wp-block-group alignfull is-style-section pagina-header is-layout-constrained wp-block-group-is-layout-constrained\">\n<div class=\"wp-block-group is-layout-constrained wp-block-group-is-layout-constrained\"><h1 class=\"has-text-align-center pagina-header__titulo wp-block-post-title\">El nostre M\u00e8tode Soul Working\u00ae<\/h1><\/div>\n<\/header>\n\n\n\n<section class=\"wp-block-group alignfull section-video has-primary-background-color has-background is-layout-constrained wp-block-group-is-layout-constrained\">\n\n\n        <figure class=\"wp-block-embed is-type-video is-provider-youtube wp-block-embed-youtube wp-embed-aspect-16-9 wp-has-aspect-ratio section-video__item\">\n            <div class=\"wp-block-embed__wrapper\">\n                <iframe loading=\"lazy\" title=\"\u00bfCu\u00e1l es el prop\u00f3sito de linkbig\u00ae Soul Working\u00ae?\" width=\"500\" height=\"281\" src=\"https:\/\/www.youtube.com\/embed\/fxR5HOcJ6ro?feature=oembed&#038;rel=0\" frameborder=\"0\" allow=\"accelerometer; autoplay; clipboard-write; encrypted-media; gyroscope; picture-in-picture; web-share\" referrerpolicy=\"strict-origin-when-cross-origin\" allowfullscreen=\"\"><\/iframe>\n            <\/div>\n        <\/figure><\/section>\n\n\n\n<div class=\"wp-block-group is-style-section is-content-justification-center is-layout-constrained wp-block-group-is-layout-constrained\">\n<h3 class=\"wp-block-heading has-text-align-center is-style-default has-secondary-color has-text-color has-x-large-font-size\">La nostra f\u00f3rmula \u00e9s crear la f\u00f3rmula sense f\u00f3rmules.<\/h3>\n\n\n\n<p class=\"has-text-align-center has-large-font-size\"><strong>A Linkbig\u00ae, elaborem la f\u00f3rmula espec\u00edfica que cada individu i organitzaci\u00f3 necessita. I ho<\/strong> <strong>fem a trav\u00e9s del nostre m\u00e8tode Soul Working\u00ae.<\/strong><\/p>\n\n\n\n<p class=\"has-text-align-center has-large-font-size\"><strong>Soul Working\u00ae tracta de connectar amb l\u2019\u00e0nima de les persones. La base cient\u00edfica darrere d\u2019aix\u00f2 \u00e9s la connexi\u00f3 dels dos hemisferis cerebrals, un moment en qu\u00e8 la persona accedeix al seu m\u00e0xim potencial creatiu i imaginatiu.<\/strong><\/p>\n\n\n\n<p class=\"has-text-align-center has-secondary-color has-text-color has-link-color has-large-font-size wp-elements-00d6c5d5ed936151b64634d77ca4542e\"><strong>Ho aconseguim a trav\u00e9s dels 7 pilars fonamentals de Linkbig\u00ae, que ens guien per proporcionar una experi\u00e8ncia de suport 360\u00ba.<\/strong><\/p>\n<\/div>\n\n\n\n<div class=\"wp-block-group alignwide is-style-section is-layout-flow wp-block-group-is-layout-flow\"><div class=\"animacion-360\">\n\t\n\t<div class=\"animacion-360__column-svg\">\n\t\t<div class=\"animacion-360__svg-wrapper\">\n\t\t\t\n\t\t\t\t\t\t\t<span class=\"animacion-360__text\" style=\"top:68%; left: 3%; width: 18%\">\n\t\t\t\t\tInvestigaci\u00f3 &#038; Diagn\u00f2stic\n\t\t\t\t<\/span>\n\t\t\t\t\t\t\n\t\t\t\t\t\t\t<span class=\"animacion-360__text\" style=\"top:39%; left: 2.5%\">\n\t\t\t\t\tFer visible all\u00f2 invisible\n\t\t\t\t<\/span>\n\t\t\t\t\t\t\n\t\t\t\t\t\t\t<span class=\"animacion-360__text\" style=\"top:13%; left: 17%\">\n\t\t\t\t\tCreant la teva soluci\u00f3 a mida\n\t\t\t\t<\/span>\n\t\t\t\t\t\t\n\t\t\t\t\t\t\t<span class=\"animacion-360__text\" style=\"top:5%; left: 41%; width: 18%\">\n\t\t\t\t\tFacilitant experi\u00e8ncies creatives en 4D\n\t\t\t\t<\/span>\n\t\t\t\t\t\t\n\t\t\t\t\t\t\t<span class=\"animacion-360__text\" style=\"top:14%; left: 63%\">\n\t\t\t\t\t\u00das de la Gamificaci\u00f3 i l\u2019Humor\n\t\t\t\t<\/span>\n\t\t\t\t\t\t\n\t\t\t\t\t\t\t<span class=\"animacion-360__text\" style=\"top:38%; left: 78.5%; width: 18%\">\n\t\t\t\t\tDesafiant la ment l\u00f2gica amb amabilitat i amor\n\t\t\t\t<\/span>\n\t\t\t\t\t\t\n\t\t\t\t\t\t\t<span class=\"animacion-360__text\" style=\"top:68%; left: 78%\">\n\t\t\t\t\tGaudint del proc\u00e9s\n\t\t\t\t<\/span>\n\t\t\t\t\t\t\n\t\t\t<svg class=\"animacion-360__svg\" viewBox=\"0 0 744 608\" fill=\"none\" xmlns=\"http:\/\/www.w3.org\/2000\/svg\">\n\t\t\t\t<path fill-rule=\"evenodd\" clip-rule=\"evenodd\" d=\"M674 404C674 479.3 646.441 548.164 600.859 601.055L607.076 599.405C607.7 599.239 608.341 599.61 608.508 600.234L608.913 601.746C609.081 602.371 608.71 603.014 608.085 603.181L595.122 606.654C594.497 606.822 593.854 606.451 593.687 605.826L590.213 592.863C590.046 592.238 590.417 591.595 591.042 591.428L592.554 591.023C593.178 590.855 593.82 591.225 593.988 591.849L595.946 599.089C641.444 546.905 669 478.67 669 404C669 239.971 536.029 107 372 107C207.971 107 75 239.971 75 404C75 476.407 100.911 542.763 143.967 594.3C144.61 594.105 145.293 594 146 594C149.866 594 153 597.134 153 601C153 604.866 149.866 608 146 608C142.134 608 139 604.866 139 601C139 599.67 139.371 598.427 140.015 597.368C96.3018 544.983 70 477.563 70 404C70 237.21 205.21 102 372 102C538.79 102 674 237.21 674 404ZM596.734 602H597.297L596.772 602.14L596.734 602Z\" fill=\"url(#paint0_linear_2243_3087)\"\/>\n\t\t\t\t\n\t\t\t\t<g class=\"animacion-360__button\">\n\t\t\t\t\t<path data-tab=\"seccion_animacion_1\" class=\"animacion-360__button-path active\" d=\"M28.4118 415.041C31.0893 406.801 38.7684 401.222 47.4329 401.222L135.928 401.222C144.593 401.222 152.272 406.801 154.949 415.041L182.296 499.205C184.973 507.446 182.04 516.473 175.031 521.566L103.436 573.582C96.4265 578.675 86.9346 578.675 79.9249 573.582L8.33062 521.566C1.32087 516.473 -1.61229 507.446 1.0652 499.205L28.4118 415.041Z\" fill=\"#00ADD0\"\/>\n\t\t\t\t<\/g>\n\t\t\t\t<g class=\"animacion-360__button\">\n\t\t\t\t\t<path data-tab=\"seccion_animacion_2\" class=\"animacion-360__button-path\" d=\"M80.2442 209.541C87.254 204.448 96.7459 204.448 103.756 209.541L175.35 261.557C182.36 266.65 185.293 275.678 182.615 283.918L155.269 368.082C152.591 376.323 144.912 381.902 136.248 381.902H47.7522C39.0877 381.902 31.4086 376.323 28.7311 368.082L1.38453 283.918C-1.29296 275.678 1.64021 266.65 8.64996 261.557L80.2442 209.541Z\" fill=\"#0191AF\"\/>\n\t\t\t\t<\/g>\n\t\t\t\t<g class=\"animacion-360__button\">\n\t\t\t\t\t<path data-tab=\"seccion_animacion_3\" class=\"animacion-360__button-path\" d=\"M136.412 85.5982C139.089 77.3578 146.768 71.7786 155.433 71.7786L243.928 71.7786C252.593 71.7786 260.272 77.3578 262.949 85.5982L290.296 169.762C292.973 178.003 290.04 187.03 283.031 192.123L211.436 244.139C204.427 249.232 194.935 249.232 187.925 244.139L116.331 192.123C109.321 187.03 106.388 178.003 109.065 169.762L136.412 85.5982Z\" fill=\"#037791\"\/>\n\t\t\t\t<\/g>\n\t\t\t\t<g class=\"animacion-360__button\">\n\t\t\t\t\t<path data-tab=\"seccion_animacion_4\" class=\"animacion-360__button-path\" d=\"M360.244 4.54109C367.254 -0.551788 376.746 -0.55178 383.756 4.5411L455.35 56.5574C462.36 61.6502 465.293 70.6776 462.615 78.918L435.269 163.082C432.591 171.323 424.912 176.902 416.248 176.902H327.752C319.088 176.902 311.409 171.323 308.731 163.082L281.385 78.918C278.707 70.6776 281.64 61.6502 288.65 56.5574L360.244 4.54109Z\" fill=\"#045D74\"\/>\n\t\t\t\t<\/g>\n\t\t\t\t<g class=\"animacion-360__button\">\n\t\t\t\t\t<path data-tab=\"seccion_animacion_5\"  class=\"animacion-360__button-path\" d=\"M480.412 85.5982C483.089 77.3578 490.768 71.7786 499.433 71.7786L587.928 71.7786C596.593 71.7786 604.272 77.3578 606.949 85.5982L634.296 169.762C636.973 178.003 634.04 187.03 627.031 192.123L555.436 244.139C548.427 249.232 538.935 249.232 531.925 244.139L460.331 192.123C453.321 187.03 450.388 178.003 453.065 169.762L480.412 85.5982Z\" fill=\"#054356\"\/>\n\t\t\t\t<\/g>\n\t\t\t\t<g class=\"animacion-360__button\">\n\t\t\t\t\t<path data-tab=\"seccion_animacion_6\"  class=\"animacion-360__button-path\" d=\"M640.244 209.541C647.254 204.448 656.746 204.448 663.756 209.541L735.35 261.557C742.36 266.65 745.293 275.678 742.615 283.918L715.269 368.082C712.591 376.323 704.912 381.902 696.248 381.902H607.752C599.088 381.902 591.409 376.323 588.731 368.082L561.385 283.918C558.707 275.678 561.64 266.65 568.65 261.557L640.244 209.541Z\" fill=\"#062938\"\/>\n\t\t\t\t<\/g>\n\t\t\t\t<g class=\"animacion-360__button\">\n\t\t\t\t\t<path data-tab=\"seccion_animacion_7\" class=\"animacion-360__button-path\" d=\"M588.412 414.598C591.089 406.358 598.768 400.779 607.433 400.779L695.928 400.779C704.593 400.779 712.272 406.358 714.949 414.598L742.296 498.763C744.973 507.003 742.04 516.03 735.031 521.123L663.436 573.14C656.427 578.232 646.935 578.232 639.925 573.14L568.331 521.123C561.321 516.03 558.388 507.003 561.065 498.763L588.412 414.598Z\" fill=\"#070F19\"\/>\n\t\t\t\t<\/g>\n\t\t\t\t<defs>\n\t\t\t\t\t<linearGradient id=\"paint0_linear_2243_3087\" x1=\"690.5\" y1=\"369\" x2=\"32.5\" y2=\"361\" gradientUnits=\"userSpaceOnUse\">\n\t\t\t\t\t\t<stop stop-color=\"#003150\"\/>\n\t\t\t\t\t\t<stop offset=\"1\" stop-color=\"#00ADD0\"\/>\n\t\t\t\t\t<\/linearGradient>\n\t\t\t\t<\/defs>\n\t\t\t<\/svg>\n\t\t\t\n\t\t\t<div class=\"animacion-360__image-cervell-wrapper\" >\n\t\t\t\t<img decoding=\"async\" class=\"animacion-360__image-cervell\" src=\"https:\/\/linkbig.es\/wp-content\/themes\/theme\/inc\/Blocks\/Animacion360\/images\/cervell_petit.png\" alt=\"Cervell\">\n\t\t\t<\/div>\n\t\t\t\n\t\t<\/div>\n\t<\/div>\n\n\t<div class=\"animacion-360__column-tabs\">\n\t\t<div class=\"animacion-360__tabs\">\n\t\t\t\t\t\t\t<div class=\"animacion-360__tab active\" id=\"seccion_animacion_1\">\n\t\t\t\t\t<h3>Investigaci\u00f3 &#038; Diagn\u00f2stic<\/h3>\n\t\t\t\t\t<div><p>Intentar resoldre un s\u00edmptoma o problema sense investigar primer la seva causa i l\u2019entorn en qu\u00e8 es produeix \u00e9s una p\u00e8rdua de recursos. Per aix\u00f2, a <strong>Linkbig\u00ae<\/strong>, apuntem primer i despr\u00e9s disparem.<\/p><\/div>\n\t\t\t\t<\/div>\n\t\t\t\t\t\t\t<div class=\"animacion-360__tab\" id=\"seccion_animacion_2\">\n\t\t\t\t\t<h3>Fer visible all\u00f2 invisible<\/h3>\n\t\t\t\t\t<div><p>All\u00f2 que no es pot veure no es pot gestionar. Per resoldre un problema de manera real i efectiva, \u00e9s essencial identificar la causa arrel. A <strong>Linkbig\u00ae<\/strong>, arribem a la causa, optimitzant els teus recursos: esfor\u00e7, temps i diners.<\/p><\/div>\n\t\t\t\t<\/div>\n\t\t\t\t\t\t\t<div class=\"animacion-360__tab\" id=\"seccion_animacion_3\">\n\t\t\t\t\t<h3>Creant la teva soluci\u00f3 a mida<\/h3>\n\t\t\t\t\t<div><p>Un repte. Un sistema. Un entorn. Una soluci\u00f3. Cada circumst\u00e0ncia mereix un enfocament personalitzat.<\/p>\n<p>Vivim en una era de democratitzaci\u00f3 i acc\u00e9s a la informaci\u00f3. Incomptables eines neixen gaireb\u00e9 cada dia. Es necessita discerniment per escollir les millors, i talent per aplicar-les efica\u00e7ment, assegurant que no quedin nom\u00e9s en teories. Sona f\u00e0cil, oi? A <strong>Linkbig\u00ae<\/strong>, fem aquest treball per a tu.<\/p>\n<p>Actualitzem cont\u00ednuament i ens formem en les disciplines m\u00e9s innovadores i les eines m\u00e9s potents, perqu\u00e8 puguis materialitzar els resultats que desitges.<\/p><\/div>\n\t\t\t\t<\/div>\n\t\t\t\t\t\t\t<div class=\"animacion-360__tab\" id=\"seccion_animacion_4\">\n\t\t\t\t\t<h3>Facilitant experi\u00e8ncies creatives en 4D<\/h3>\n\t\t\t\t\t<div><p>La manera m\u00e9s r\u00e0pida i efica\u00e7 que els humans aprenen \u00e9s mitjan\u00e7ant l\u2019experimentaci\u00f3 en temps real en 4D. Aix\u00ed vam aprendre quan \u00e9rem nens.<\/p>\n<p>A <strong>Linkbig\u00ae,<\/strong> co-creem experi\u00e8ncies en 4D empoderant els participants perqu\u00e8 aprofitin la seva capacitat innata d\u2019imaginar, recrear escenaris i crear solucions. Ser el protagonista de la soluci\u00f3 millorar\u00e0 el teu empoderament, autoestima, responsabilitat, comprom\u00eds, disposici\u00f3 per contribuir, sentit de pertinen\u00e7a i comprom\u00eds.<\/p><\/div>\n\t\t\t\t<\/div>\n\t\t\t\t\t\t\t<div class=\"animacion-360__tab\" id=\"seccion_animacion_5\">\n\t\t\t\t\t<h3>\u00das de la Gamificaci\u00f3 i l\u2019Humor<\/h3>\n\t\t\t\t\t<div><p>Biol\u00f2gicament, \u00e9s impossible crear des d\u2019un lloc de por. El joc i l\u2019humor ajuden a superar els l\u00edmits psicol\u00f2gics i la resist\u00e8ncia mental, que s\u00f3n essencials per superar quan es resolen reptes, conflictes o crisis.<\/p>\n<p>L\u2019humor elimina el drama i la c\u00e0rrega. El joc ens allibera de la por, fent-nos m\u00e9s aut\u00e8ntics i creatius. A <strong>Linkbig\u00ae<\/strong>, som fans de la gamificaci\u00f3 i l\u2019humor, i defensem el seu \u00fas en la innovaci\u00f3.<\/p><\/div>\n\t\t\t\t<\/div>\n\t\t\t\t\t\t\t<div class=\"animacion-360__tab\" id=\"seccion_animacion_6\">\n\t\t\t\t\t<h3>Desafiant la ment l\u00f2gica amb amabilitat i amor<\/h3>\n\t\t\t\t\t<div><p>Si creus que pots, tens ra\u00f3. Si creus que no pots, tamb\u00e9 tens ra\u00f3. Els \u00fanics l\u00edmits s\u00f3n en la teva ment. Per avan\u00e7ar, \u00e9s essencial aprendre a q\u00fcestionar aquests l\u00edmits.<\/p>\n<p>A <strong>Linkbig\u00ae<\/strong>, tenim veritables talents en l\u2019art de desafiar la ment l\u00f2gica amb amabilitat i amor\u2014qualitats apreciades pels humils i els valents. Ets un d\u2019ells?<\/p><\/div>\n\t\t\t\t<\/div>\n\t\t\t\t\t\t\t<div class=\"animacion-360__tab\" id=\"seccion_animacion_7\">\n\t\t\t\t\t<h3>Gaudint del proc\u00e9s<\/h3>\n\t\t\t\t\t<div><p>A <strong>Linkbig\u00ae<\/strong>, nom\u00e9s hi ha el gerundi: el proc\u00e9s. El constant &#8220;convertir-se&#8221;.<\/p>\n<p>I si l\u2019\u00fanic que \u00e9s permanent \u00e9s el constant proc\u00e9s de convertir-se, t\u00e9 sentit avan\u00e7ar sense gaudir de cada pas? A Linkbig\u00ae, sabem que gaudir del proc\u00e9s de transformaci\u00f3\u2014potser la variable m\u00e9s dif\u00edcil\u2014\u00e9s tamb\u00e9 indubtablement la m\u00e9s rellevant per aconseguir l\u2019objectiu.<\/p><\/div>\n\t\t\t\t<\/div>\n\t\t\t\t\t<\/div>\n\t<\/div>\n\t\n\t\n<\/div>\n\n<\/div>\n\n\n\n<div class=\"wp-block-group alignwide is-style-section is-layout-flow wp-block-group-is-layout-flow\" style=\"padding-top:2rem;padding-bottom:2rem\">\n<p class=\"has-text-align-center has-medium-font-size\" style=\"font-style:normal;font-weight:500\">La teva necessitat <img loading=\"lazy\" decoding=\"async\" width=\"28\" height=\"22\" class=\"wp-image-347\" style=\"width: 28px;\" src=\"https:\/\/linkbig.es\/wp-content\/uploads\/2023\/10\/icon_plus.svg\" alt=\"icon plus\"> (el nostre m\u00e8tode neurocient\u00edfic <img loading=\"lazy\" decoding=\"async\" width=\"28\" height=\"22\" class=\"wp-image-347\" style=\"width: 28px;\" src=\"https:\/\/linkbig.es\/wp-content\/uploads\/2023\/10\/icon_plus.svg\" alt=\"icon plus\"> les nostres eines <img loading=\"lazy\" decoding=\"async\" width=\"28\" height=\"22\" class=\"wp-image-347\" style=\"width: 28px;\" src=\"https:\/\/linkbig.es\/wp-content\/uploads\/2023\/10\/icon_plus.svg\" alt=\"icon plus\"> els nostres pilars) <img loading=\"lazy\" decoding=\"async\" width=\"28\" height=\"22\" class=\"wp-image-344\" style=\"width: 28px;\" src=\"https:\/\/linkbig.es\/wp-content\/uploads\/2023\/10\/icon_equal.svg\" alt=\"icon equal\"> <strong><mark style=\"background-color:rgba(0, 0, 0, 0)\" class=\"has-inline-color has-secondary-color\">LA TEVA TRANSFORMACI\u00d3<\/mark><\/strong><\/p>\n<\/div>\n\n\n\n<section class=\"wp-block-cover alignfull has-parallax is-repeated sonamos\" style=\"min-height:625px;aspect-ratio:unset;\"><span aria-hidden=\"true\" class=\"wp-block-cover__background has-primary-background-color has-background-dim-80 has-background-dim\"><\/span><div class=\"wp-block-cover__image-background wp-image-943 has-parallax is-repeated\" style=\"background-position:50% 50%;background-image:url(https:\/\/linkbig.es\/wp-content\/uploads\/2024\/03\/adobestock-251238249-1.jpeg)\"><\/div><div class=\"wp-block-cover__inner-container is-layout-constrained wp-block-cover-is-layout-constrained\">\n<h3 class=\"wp-block-heading alignwide has-text-align-center sonamos__title has-x-large-font-size\">SOMIEM AMB&#8230;<\/h3>\n\n\n\n<div class=\"wp-block-group alignwide sonamos__inner is-vertical is-content-justification-center is-layout-flex wp-container-core-group-is-layout-8 wp-block-group-is-layout-flex\">\n<div class=\"wp-block-group sonamos__footer is-layout-constrained wp-block-group-is-layout-constrained\">\n<p class=\"has-text-align-center has-medium-font-size\">Un m\u00f3n on les persones i les organitzacions estimen el que fan i treballen amb \u00e0nima \u2013<br><strong>Soul Working\u00ae<\/strong>.<\/p>\n\n\n\n<p class=\"has-text-align-center has-medium-font-size\"><mark style=\"background-color:rgba(0, 0, 0, 0)\" class=\"has-inline-color has-gray-light-color\">Un m\u00f3n on l\u2019<strong>entusiasme<\/strong> \u00e9s la for\u00e7a motriu per servir.<\/mark><\/p>\n\n\n\n<p class=\"has-text-align-center has-medium-font-size\"><mark style=\"background-color:rgba(0, 0, 0, 0)\" class=\"has-inline-color has-gray-light-color\">I on <strong>servir<\/strong> \u00e9s tant el mitj\u00e0 com el fi per a cada individu i organitzaci\u00f3.<\/mark><\/p>\n\n\n\n<p class=\"has-text-align-center has-medium-font-size\">Un m\u00f3n on els reptes no es veuen com a problemes, sin\u00f3 com <strong>oportunitats<\/strong> per:<br>Innovar, crear, cr\u00e9ixer, evolucionar, aprendre i compartir aquesta saviesa amb el<br>m\u00f3n.<\/p>\n\n\n\n<p class=\"has-text-align-center has-medium-font-size\">I aquest m\u00f3n amb el qual somiem requereix domini en el suport al desenvolupament<br>hum\u00e0.<\/p>\n\n\n\n<p class=\"has-text-align-center has-medium-font-size\"><mark style=\"background-color:rgba(0, 0, 0, 0)\" class=\"has-inline-color has-gray-light-color\"><strong>I aix\u00f2 \u00e9s exactament el que ens apassiona, sabem fer i gaudim fent.<\/strong><\/mark><\/p>\n<\/div>\n<\/div>\n<\/div><\/section>\n\n\n\n<div class=\"wp-block-group alignfull is-style-section featured-block has-secondary-background-color has-background is-content-justification-center is-layout-constrained wp-block-group-is-layout-constrained\" style=\"padding-bottom:8rem\">\n<p class=\"has-text-align-center featured-block__text has-white-color has-text-color has-large-font-size\" style=\"font-style:normal;font-weight:600\">A Linkbig\u00ae, <mark style=\"background-color:rgba(0, 0, 0, 0)\" class=\"has-inline-color has-primary-color\">sabem com veure, treure a la llum i alinear el talent,<\/mark> per aix\u00f2 el desenvolupament del potencial hum\u00e0 \u00e9s el principi fonamental de Linkbig\u00ae: El punt on la passi\u00f3, el talent i el gaudir es convergeixen.<\/p>\n<\/div>\n","protected":false},"excerpt":{"rendered":"<p>La nostra f\u00f3rmula \u00e9s crear la f\u00f3rmula sense f\u00f3rmules. A Linkbig\u00ae, elaborem la f\u00f3rmula espec\u00edfica que cada individu i organitzaci\u00f3 necessita. I ho fem a trav\u00e9s del nostre m\u00e8tode Soul Working\u00ae. Soul Working\u00ae tracta de connectar amb l\u2019\u00e0nima de les persones. La base cient\u00edfica darrere d\u2019aix\u00f2 \u00e9s la connexi\u00f3 dels dos hemisferis cerebrals, un moment [&hellip;]<\/p>\n","protected":false},"author":1,"featured_media":0,"parent":544,"menu_order":14,"comment_status":"closed","ping_status":"closed","template":"","meta":{"_seopress_robots_primary_cat":"","_seopress_titles_title":"","_seopress_titles_desc":"","_seopress_robots_index":"","inline_featured_image":false,"footnotes":""},"class_list":["post-546","page","type-page","status-publish","hentry"],"_links":{"self":[{"href":"https:\/\/linkbig.es\/ca\/wp-json\/wp\/v2\/pages\/546","targetHints":{"allow":["GET"]}}],"collection":[{"href":"https:\/\/linkbig.es\/ca\/wp-json\/wp\/v2\/pages"}],"about":[{"href":"https:\/\/linkbig.es\/ca\/wp-json\/wp\/v2\/types\/page"}],"author":[{"embeddable":true,"href":"https:\/\/linkbig.es\/ca\/wp-json\/wp\/v2\/users\/1"}],"replies":[{"embeddable":true,"href":"https:\/\/linkbig.es\/ca\/wp-json\/wp\/v2\/comments?post=546"}],"version-history":[{"count":0,"href":"https:\/\/linkbig.es\/ca\/wp-json\/wp\/v2\/pages\/546\/revisions"}],"up":[{"embeddable":true,"href":"https:\/\/linkbig.es\/ca\/wp-json\/wp\/v2\/pages\/544"}],"wp:attachment":[{"href":"https:\/\/linkbig.es\/ca\/wp-json\/wp\/v2\/media?parent=546"}],"curies":[{"name":"wp","href":"https:\/\/api.w.org\/{rel}","templated":true}]}}