{"id":539,"date":"2023-10-03T17:04:27","date_gmt":"2023-10-03T15:04:27","guid":{"rendered":"https:\/\/linkbig.es\/dicen-de-nosotros\/"},"modified":"2025-02-04T12:17:12","modified_gmt":"2025-02-04T11:17:12","slug":"dicen-de-nosotros","status":"publish","type":"page","link":"https:\/\/linkbig.es\/ca\/dicen-de-nosotros\/","title":{"rendered":"Qu\u00e8 en diuen de nosaltres"},"content":{"rendered":"\n<header class=\"wp-block-group alignwide is-style-section pagina-header is-layout-constrained wp-block-group-is-layout-constrained\">\n<div class=\"wp-block-group is-layout-constrained wp-block-group-is-layout-constrained\"><h1 class=\"has-text-align-center pagina-header__titulo wp-block-post-title\">Qu\u00e8 en diuen de nosaltres<\/h1><\/div>\n\n\n\n<h3 class=\"wp-block-heading has-text-align-center testimonios-block__title has-text-color-color has-text-color\">Testimonis i Casos Reals<\/h3>\n\n\n\n<div class=\"wp-block-group is-style-section is-layout-constrained wp-block-group-is-layout-constrained\">\n<script src=\"https:\/\/static.elfsight.com\/platform\/platform.js\" data-use-service-core defer><\/script>\n<div class=\"elfsight-app-6b35a182-7010-4401-a10a-f89cc2bac9be\" data-elfsight-app-lazy><\/div>\n<\/div>\n<\/header>\n\n\n\n<div class=\"wp-block-group alignfull is-style-section featured-block has-secondary-background-color has-background is-layout-constrained wp-block-group-is-layout-constrained\" style=\"padding-bottom:8rem\">\n<p class=\"has-text-align-center featured-block__text has-white-color has-text-color has-large-font-size\" style=\"font-style:normal;font-weight:600\">+30.000 hores en processos de transformaci\u00f3 mitjan\u00e7ant coaching i psicoter\u00e0pia.<\/p>\n<\/div>\n","protected":false},"excerpt":{"rendered":"<p>Testimonis i Casos Reals +30.000 hores en processos de transformaci\u00f3 mitjan\u00e7ant coaching i psicoter\u00e0pia.<\/p>\n","protected":false},"author":1,"featured_media":0,"parent":0,"menu_order":37,"comment_status":"closed","ping_status":"closed","template":"","meta":{"_seopress_robots_primary_cat":"","_seopress_titles_title":"","_seopress_titles_desc":"","_seopress_robots_index":"","inline_featured_image":false,"footnotes":""},"class_list":["post-539","page","type-page","status-publish","hentry"],"_links":{"self":[{"href":"https:\/\/linkbig.es\/ca\/wp-json\/wp\/v2\/pages\/539","targetHints":{"allow":["GET"]}}],"collection":[{"href":"https:\/\/linkbig.es\/ca\/wp-json\/wp\/v2\/pages"}],"about":[{"href":"https:\/\/linkbig.es\/ca\/wp-json\/wp\/v2\/types\/page"}],"author":[{"embeddable":true,"href":"https:\/\/linkbig.es\/ca\/wp-json\/wp\/v2\/users\/1"}],"replies":[{"embeddable":true,"href":"https:\/\/linkbig.es\/ca\/wp-json\/wp\/v2\/comments?post=539"}],"version-history":[{"count":0,"href":"https:\/\/linkbig.es\/ca\/wp-json\/wp\/v2\/pages\/539\/revisions"}],"wp:attachment":[{"href":"https:\/\/linkbig.es\/ca\/wp-json\/wp\/v2\/media?parent=539"}],"curies":[{"name":"wp","href":"https:\/\/api.w.org\/{rel}","templated":true}]}}