{"id":535,"date":"2023-09-20T06:23:58","date_gmt":"2023-09-20T04:23:58","guid":{"rendered":"https:\/\/linkbig.es\/politica-de-cookies\/"},"modified":"2024-12-30T12:06:51","modified_gmt":"2024-12-30T11:06:51","slug":"politica-de-cookies","status":"publish","type":"page","link":"https:\/\/linkbig.es\/ca\/politica-de-cookies\/","title":{"rendered":"Pol\u00edtica de cookies"},"content":{"rendered":"\n<h1 class=\"wp-block-heading\">Pol\u00edtica de cookies<\/h1>\n\n\n\n<h3 class=\"wp-block-heading\">0. Aviso general<\/h3>\n\n\n\n<p>Aquesta Pol\u00edtica de Cookies s&#8217;aplica a EDUARD BARRI MONTES &#8211; LINKBIG (en endavant, &#8220;linkbig\u00ae&#8221;) i explica els nostres principis quan es tracta de la recopilaci\u00f3, el processament i l&#8217;emmagatzematge de la seva informaci\u00f3. Aquestes normes expliquen espec\u00edficament com nosaltres, els nostres socis i els usuaris dels nostres serveis implementem cookies, aix\u00ed com les opcions que t\u00e9 per controlar-les.<\/p>\n\n\n\n<h3 class=\"wp-block-heading\">1. Informaci\u00f3 del responsable<\/h3>\n\n\n\n<ul class=\"wp-block-list\">\n<li>Identificaci\u00f3 del Responsable:&nbsp;<strong>EDUARD BARRI MONTES \u2013 LINKBIG (en endavant \u201clinkbig\u201d)<\/strong><\/li>\n\n\n\n<li>CIF:&nbsp;<strong>52145202-Q.<\/strong><\/li>\n\n\n\n<li><strong>Adre\u00e7a postal:<\/strong>&nbsp; Carrer Enric Prat de la Riba, n\u00fam. 77, Roca Umbert \u2013 F\u00e0brica de les Arts, 08401, Granollers (Barcelona).<\/li>\n\n\n\n<li>Tel\u00e8fon: +34 639 135 689<\/li>\n\n\n\n<li>Email:&nbsp;<a href=\"mailto:rgpd@linkbig.cat\">rgpd@linkbig.cat<\/a><\/li>\n\n\n\n<li>Delegat de Protecci\u00f3 de Dades (DPD-DPO): Ivan de San Nicol\u00e0s i Castej\u00f3n<\/li>\n<\/ul>\n\n\n\n<h3 class=\"wp-block-heading\">2. Resume<\/h3>\n\n\n\n<p>linkbig\u00ae est\u00e0 compromesa amb proporcionar-li la millor experi\u00e8ncia en l\u00ednia mentre duri la seva visita al web de www.linkbig.cat (el &#8220;Web&#8221;). Per aconseguir-ho, utilitzem les nostres pr\u00f2pies galetes i les de tercers, aix\u00ed com altres tecnologies similars, per obtenir informaci\u00f3 sobre el seu comportament en l\u00ednia mentre estigui navegant al Web i tamb\u00e9 monitoritzem amb quina freq\u00fc\u00e8ncia visita el web. La informaci\u00f3 que recollim \u00e9s an\u00f2nima i no l&#8217;identifica com a persona, llevat que Vost\u00e8 proporcioni informaci\u00f3 mitjan\u00e7ant l&#8217;emplenament d&#8217;un formulari o mitjan\u00e7ant qualsevol altra funci\u00f3 similar oferta a la web. Quan linkbig\u00ae reculli informaci\u00f3 personal, el tractament de dades es regir\u00e0 pel que disposa la Pol\u00edtica de Privacitat.<\/p>\n\n\n\n<p>Una cookie \u00e9s un fragment petit de dades (arxius de text) que un lloc web, quan \u00e9s visitat per un usuari, li pregunta al seu navegador per emmagatzemar en el seu dispositiu i aix\u00ed recordar informaci\u00f3 sobre vost\u00e8, com ara la prefer\u00e8ncia d&#8217;idioma o la seva informaci\u00f3 per iniciar sessi\u00f3. Aquestes cookies s\u00f3n establertes per nosaltres, i es diuen cookies de primeres parts o pr\u00f2pies. Tamb\u00e9 fem servir cookies de terceres parts (que s\u00f3n cookies d&#8217;un domini diferent al domini del lloc web que est\u00e0 visitant) per als nostres estudis d&#8217;anuncis i m\u00e0rqueting.<\/p>\n\n\n\n<h3 class=\"wp-block-heading\">3. Per a qu\u00e8 utilitzem les cookies?<\/h3>\n\n\n\n<p>Fem servir les seg\u00fcents cookies per les seg\u00fcents finalitats:<\/p>\n\n\n\n<p><strong>Cookies estrictament necess\u00e0ries<\/strong><\/p>\n\n\n\n<p>Aquestes cookies s\u00f3n necess\u00e0ries perqu\u00e8 el lloc web funcioni i no es poden desactivar en els nostres sistemes. Usualment estan configurades per respondre a accions fetes per vost\u00e8 per rebre serveis, com ara ajustar les seves prefer\u00e8ncies de privacitat, iniciar sessi\u00f3 en el lloc, o omplir formularis. Vost\u00e8 pot configurar el seu navegador per bloquejar o alertar la pres\u00e8ncia d&#8217;aquestes cookies, per\u00f2 algunes parts del lloc web no funcionaran. Aquestes cookies no guarden cap informaci\u00f3 personal identificable.<\/p>\n\n\n\n<p><strong>Cookies de rendiment<\/strong><\/p>\n\n\n\n<p>Aquestes cookies ens permeten comptar les visites i fonts de circulaci\u00f3 per poder mesurar i millorar l&#8217;acompliment del nostre lloc. Ens ajuden a saber quines p\u00e0gines s\u00f3n les m\u00e9s o menys populars, i veure quantes persones visiten el lloc. Tota la informaci\u00f3 que recullen aquestes cookies \u00e9s agregada i, per tant, an\u00f2nima. Si no permet aquestes cookies no sabrem quan va visitar el nostre lloc.<\/p>\n\n\n\n<p><strong>Cookies de funcionalitat<\/strong><\/p>\n\n\n\n<p>Aquestes cookies permeten que el lloc ofereixi una millor funcionalitat i personalitzaci\u00f3. Poden ser establertes per nosaltres o per terceres parts de les que hem afegit serveis a les nostres p\u00e0gines. Si no permet aquestes cookies alguns dels nostres serveis no funcionaran correctament.<\/p>\n\n\n\n<p><strong>Cookies dirigides<\/strong><\/p>\n\n\n\n<p>Aquestes cookies poden estar en tot el lloc web, col\u00b7locades pels nostres socis publicitaris. Aquests negocis poden utilitzar-les per crear un perfil dels seus interessos i mostrar anuncis rellevants en altres llocs. No emmagatzemen informaci\u00f3 personal directament, sin\u00f3 que es basen en la identificaci\u00f3 \u00fanica del seu navegador i dispositiu d&#8217;acc\u00e9s a l&#8217;Internet. Si no permet aquestes cookies, tindr\u00e0 menys publicitat dirigida<\/p>\n\n\n\n<h3 class=\"wp-block-heading\">4. Tercers \/ Contingut Incrustat<\/h3>\n\n\n\n<p>Fem \u00fas de diferents aplicacions i serveis de tercers per millorar l&#8217;experi\u00e8ncia dels visitants del lloc web. Aquestes inclouen plataformes de xarxes socials com LinkedIn, Facebook, Instagram, Vimeo per exemple (mitjan\u00e7ant l&#8217;\u00fas de botons de compartir). Com a resultat, aquestes cookies poden ser establertes per aquests tercers i utilitzades per ells per rastrejar la seva activitat en l\u00ednia. No tenim control directe sobre la informaci\u00f3 que es recopila amb aquestes cookies.<\/p>\n\n\n\n<h4 class=\"wp-block-heading\">GOOGLE ANALYTICS<\/h4>\n\n\n\n<p>El web utilitza Google Analytics d&#8217;acord amb l&#8217;estipulat en el Reglament General de Protecci\u00f3 de Dades (RGPD), el qual \u00e9s un servei d&#8217;an\u00e0lisi web de Google Inc. (Google) emprat en el nostre web. Google Analytics utilitza cookies, \u00e9s a dir, arxius de text emmagatzemats en el seu ordinador, per permetre l&#8217;an\u00e0lisi de l&#8217;\u00fas per la seva part de la p\u00e0gina web. La informaci\u00f3 generada per la cookie sobre el l&#8217;\u00fas per la seva part d&#8217;aquest lloc web sol transmetre a un servidor de Google als Estats Units i s&#8217;emmagatzema all\u00e0. No obstant aix\u00f2, en cas que s&#8217;activi l&#8217;anonimitzaci\u00f3 d&#8217;IP en aquest lloc web, la seva adre\u00e7a IP ser\u00e0 pr\u00e8viament truncada per Google dins dels estats membres de la Uni\u00f3 Europea o en altres estats que siguin part de l&#8217;acord sobre l&#8217;Espai Econ\u00f2mic Europeu. Nom\u00e9s en casos excepcionals es transmet una adre\u00e7a IP completa a un servidor de Google als Estats Units i es trunca all\u00e0. En nom del propietari d&#8217;aquest lloc web, Google utilitzar\u00e0 aquesta informaci\u00f3 per avaluar l&#8217;\u00fas per la seva part de la p\u00e0gina web, recopilar informes sobre les activitats de la p\u00e0gina web i proporcionar a l&#8217;operador de la p\u00e0gina web altres serveis relacionats amb l&#8217;\u00fas del lloc web i de Internet.<\/p>\n\n\n\n<p>L&#8217;adre\u00e7a IP enviada des del navegador com a part de Google Analytics no es fusiona amb altres dades de Google. Pot impedir l&#8217;emmagatzematge de cookies si configura adequadament el programari del seu navegador; per\u00f2, en aquest cas, tingui en compte que \u00e9s possible que no pugui utilitzar plenament totes les funcions ofertes per aquest lloc web. A m\u00e9s, pot impedir que Google recopili i processi les dades generades per la cookie i relacionats amb l&#8217;\u00fas per la seva part de la p\u00e0gina web (inclosa la seva adre\u00e7a IP) si desc\u00e0rrega i instal\u00b7la un complement de navegador mitjan\u00e7ant el seg\u00fcent vincle:<a href=\"http:\/\/tools.google.com\/dlpage\/gaoptout?hl=es\" target=\"_blank\" rel=\"noreferrer noopener\">http:\/\/tools.google.com\/dlpage\/gaoptout?hl=es<\/a>.<\/p>\n\n\n\n<h3 class=\"wp-block-heading\">5.&nbsp;Com gestionar les cookies?<\/h3>\n\n\n\n<p>En el seu navegador, pot ajustar la configuraci\u00f3 de les cookies. La majoria de les vegades tamb\u00e9 pot llegir m\u00e9s sobre diferents tipus de cookies all\u00e0. L&#8217;aspecte de la configuraci\u00f3 varia d&#8217;un navegador a un altre. Per\u00f2 b\u00e0sicament tots tenen configuracions que, entre altres coses, bloquegen totes les cookies, limiten l&#8217;\u00fas a les cookies de primera m\u00e0 o l&#8217;ajuden a esborrar totes les cookies emmagatzemades a l&#8217;ordinador. \u00c9s possible que alguns dels nostres serveis no funcionin si bloqueja o elimina les cookies.<\/p>\n\n\n\n<h3 class=\"wp-block-heading\">6.&nbsp;Pot evitar les cookies?<\/h3>\n\n\n\n<p>Pot decidir si vol acceptar cookies. A l&#8217;ajustar el navegador web, evitar\u00e0 rebre cookies i tamb\u00e9 podr\u00e0 utilitzar el seu navegador per eliminar les cookies. El m\u00e8tode utilitzat per a bloquejar o eliminar les cookies dependr\u00e0 de el navegador web utilitzat. Quan trieu permetre el nostre \u00fas de cookies, tingui en compte que recopilarem la informaci\u00f3 com s&#8217;indica anteriorment fins que deixi d&#8217;utilitzar el nostre \u00fas de cookies.<\/p>\n\n\n\n<p>Si t\u00e9 alguna pregunta respecte a les seves opcions pel que fa a les cookies, poseu-vos en contacte amb nosaltres mitjan\u00e7ant la informaci\u00f3 de contacte que es detalla m\u00e9s amunt..<\/p>\n\n\n\n<p>Per obtenir m\u00e9s informaci\u00f3 sobre com administrar i eliminar les cookies, visite<a href=\"http:\/\/www.aboutcookies.org\/\" rel=\"noreferrer noopener\" target=\"_blank\">www.aboutcookies.org<\/a>. Per a m\u00e9s informaci\u00f3 sobre les cookies de publicitat i com administrar-les, visiteu&nbsp;<a href=\"http:\/\/www.youronlinechoices.eu\/\" rel=\"noreferrer noopener\" target=\"_blank\">www.youronlinechoices.eu<\/a>&nbsp;(basado en la UE), o&nbsp;<a href=\"http:\/\/www.aboutads.info\/\" rel=\"noreferrer noopener\" target=\"_blank\">www.aboutads.info<\/a>&nbsp;(basat als EE. UU.).<\/p>\n\n\n\n<p>Alguns programes espec\u00edfics d&#8217;exclusi\u00f3 es troben disponibles aqu\u00ed::<br>&nbsp;&nbsp;&nbsp;Google Analytics:&nbsp;<a href=\"https:\/\/tools.google.com\/dlpage\/gaoptout\" rel=\"noreferrer noopener\" target=\"_blank\">https:\/\/tools.google.com\/dlpage\/gaoptout<\/a><\/p>\n\n\n\n<p>\u00c9s important tenir en compte que restringir o desactivar l&#8217;\u00fas de cookies pot limitar la funcionalitat dels llocs, o evitar que funcionin correctament.<\/p>\n\n\n\n<h3 class=\"wp-block-heading\">7. Actualitzacions d\u2019aquest av\u00eds.<\/h3>\n\n\n\n<p>Per garantir que complim amb la llei de protecci\u00f3 de dades, podem modificar aquesta Pol\u00edtica en qualsevol moment. Publicarem qualsevol canvi realitzat. .<\/p>\n\n\n\n<h3 class=\"wp-block-heading\">8. Contacte.<\/h3>\n\n\n\n<p>Si vost\u00e8 t\u00e9 alguna pregunta o comentari sobre aquesta Pol\u00edtica es pot adre\u00e7ar al nostre Delegat de Protecci\u00f3 de Dades (DPO-DPD) mitjan\u00e7ant correu electr\u00f2nic: rgpd@linkbig.cat, i\/o a l&#8217;adre\u00e7a i dades que apareixen a l&#8217;encap\u00e7alament.<\/p>\n\n\n\n<h3 class=\"wp-block-heading\">9. Llistat de Cookies<\/h3>\n\n\n\n<p>Un llistat complet, actualitzat per darrera vegada el 12\/01\/2022, de les cookies utilitzades per linkbig\u00ae al lloc web es pot trobar a la taula de cookies seguida::<\/p>\n\n\n\n<figure class=\"wp-block-table\"><table><tbody><tr><th>Tipus<\/th><th>Nom cookie<\/th><th>Duraci\u00f3<\/th><th>Descripci\u00f3<\/th><\/tr><tr><td>FUNCIONALS<\/td><td>PHPSESSID<\/td><td>sessi\u00f3<\/td><td>Funcionament b\u00e0sic de la p\u00e0gina.<\/td><\/tr><tr><td>GOOGLE ANALYTICS<\/td><td>_ga<\/td><td>2 anys<\/td><td>Es fa servir per distingir als usuaris.<\/td><\/tr><tr><td>GOOGLE ANALYTICS<\/td><td>_gid<\/td><td>24 hores<\/td><td>Es fa servir per distingir als usuaris..<\/td><\/tr><\/tbody><\/table><\/figure>\n\n\n\n<p><strong>Aquesta Pol\u00edtica de Cookies ha sigut actualitzada per darrera vegada al Gener de 2022.<\/strong><\/p>\n","protected":false},"excerpt":{"rendered":"<p>Pol\u00edtica de cookies 0. Aviso general Aquesta Pol\u00edtica de Cookies s&#8217;aplica a EDUARD BARRI MONTES &#8211; LINKBIG (en endavant, &#8220;linkbig\u00ae&#8221;) i explica els nostres principis quan es tracta de la recopilaci\u00f3, el processament i l&#8217;emmagatzematge de la seva informaci\u00f3. Aquestes normes expliquen espec\u00edficament com nosaltres, els nostres socis i els usuaris dels nostres serveis implementem [&hellip;]<\/p>\n","protected":false},"author":1,"featured_media":0,"parent":0,"menu_order":60,"comment_status":"closed","ping_status":"closed","template":"controllers\/legal-page.php","meta":{"_seopress_robots_primary_cat":"","_seopress_titles_title":"","_seopress_titles_desc":"","_seopress_robots_index":"","inline_featured_image":false,"footnotes":""},"class_list":["post-535","page","type-page","status-publish","hentry"],"_links":{"self":[{"href":"https:\/\/linkbig.es\/ca\/wp-json\/wp\/v2\/pages\/535","targetHints":{"allow":["GET"]}}],"collection":[{"href":"https:\/\/linkbig.es\/ca\/wp-json\/wp\/v2\/pages"}],"about":[{"href":"https:\/\/linkbig.es\/ca\/wp-json\/wp\/v2\/types\/page"}],"author":[{"embeddable":true,"href":"https:\/\/linkbig.es\/ca\/wp-json\/wp\/v2\/users\/1"}],"replies":[{"embeddable":true,"href":"https:\/\/linkbig.es\/ca\/wp-json\/wp\/v2\/comments?post=535"}],"version-history":[{"count":0,"href":"https:\/\/linkbig.es\/ca\/wp-json\/wp\/v2\/pages\/535\/revisions"}],"wp:attachment":[{"href":"https:\/\/linkbig.es\/ca\/wp-json\/wp\/v2\/media?parent=535"}],"curies":[{"name":"wp","href":"https:\/\/api.w.org\/{rel}","templated":true}]}}